{"id":158,"date":"2013-08-18T19:53:47","date_gmt":"2013-08-18T17:53:47","guid":{"rendered":"http:\/\/www.test.hanses-architekten.de\/?page_id=158"},"modified":"2018-01-15T19:30:18","modified_gmt":"2018-01-15T17:30:18","slug":"forschung-lehre","status":"publish","type":"page","link":"http:\/\/www.hanses-architekten.de\/?page_id=158","title":{"rendered":"UNTERNEHMEN"},"content":{"rendered":"<div id=\"pl-158\"  class=\"panel-layout\" ><div id=\"pg-158-0\"  class=\"panel-grid panel-no-style\" ><div id=\"pgc-158-0-0\"  class=\"panel-grid-cell\" ><div id=\"panel-158-0-0-0\" class=\"so-panel widget widget_text panel-first-child panel-last-child\" data-index=\"0\" ><h3 class=\"widget-title\">Bew\u00e4hrtes bewahren | offen sein f\u00fcr neue Ideen<\/h3>\t\t\t<div class=\"textwidget\">Dabei gilt unsere ganze Aufmerksamkeit den individuellen Anspr\u00fcchen unserer Kunden, von den ersten planerischen \u00dcberlegungen, bis zur kosten- und terminorientierten Umsetzung eines jeden Bauvorhabens.\n<p><\/p>\nModerne CAD-Anlagen bieten die M\u00f6glichkeit, alle Projekte bereits im fr\u00fchen Planungsstadium anschaulich zu visualisieren uns auf \u00c4nderungsw\u00fcnsche der Bauherren jederzeit flexibel zu reagieren. \nUnser in der dritten Generation gef\u00fchrtes Architekturb\u00fcro steht f\u00fcr Kontinuit\u00e4t, Engagement und Kreativit\u00e4t. \n<p><\/p>\nZielorientiertes Projektmanagement und Qualit\u00e4tssicherung garantieren den vorgegebenen Kostenrahmen und werden durch unsere hoch qualifizierten Mitarbeiter ausgef\u00fchrt.\n<p><\/p>\nDas Spektrum unserer Aufgaben reicht vom individuell geplanten Einfamilienhaus bis zur Industrieanlage. Diverse Wettbewerbserfolge sind Beleg f\u00fcr die F\u00e4higkeit unseres B\u00fcros in den verschiedenen Bereichen.\n<p><\/p>\nUnterst\u00fctzt wird das Architekturb\u00fcro durch die Bautr\u00e4ger-Gesellschaft Multi-Bau, die insbesondere f\u00fcr die Realisierung gr\u00f6\u00dferer Wohnungsbauprojekte zum Einsatz kommt.<\/div>\n\t\t<\/div><\/div><div id=\"pgc-158-0-1\"  class=\"panel-grid-cell\" ><div id=\"panel-158-0-1-0\" class=\"so-panel widget widget_text panel-first-child panel-last-child\" data-index=\"1\" ><h3 class=\"widget-title\">Unsere Leistungen<\/h3>\t\t\t<div class=\"textwidget\"><p>- Vorplanung<\/p>\r\n<p>- Entwurfsplanung<\/p>\r\n<p>- Bauantrag<\/p>\r\n<p>- Werkplanung<\/p>\r\n<p>- Ausschreibung<\/p>\r\n<p>- Ausf\u00fchrung<\/p>\r\n<p>- Bauleitung<\/p>\r\n<p>- SiGeKo<\/p>\r\n<p>- Abrechnung<\/p>\r\n<p>- Baubetreuung<\/p>\r\n<p>- Betreuung bei \u00f6ffentl. Mitteln<\/p><\/div>\n\t\t<\/div><\/div><\/div><div id=\"pg-158-1\"  class=\"panel-grid panel-no-style\" ><div id=\"pgc-158-1-0\"  class=\"panel-grid-cell\" ><div id=\"panel-158-1-0-0\" class=\"so-panel widget widget_siteorigin-panels-image panel-first-child panel-last-child\" data-index=\"2\" ><img decoding=\"async\" src=\"http:\/\/www.test.hanses-architekten.de\/wp-content\/uploads\/2013\/08\/Buero-300x225.jpg\" \/><\/div><\/div><\/div><\/div>","protected":false},"excerpt":{"rendered":"","protected":false},"author":1,"featured_media":0,"parent":0,"menu_order":4,"comment_status":"closed","ping_status":"closed","template":"","meta":{"footnotes":""},"class_list":["post-158","page","type-page","status-publish","hentry"],"jetpack_sharing_enabled":true,"_links":{"self":[{"href":"http:\/\/www.hanses-architekten.de\/index.php?rest_route=\/wp\/v2\/pages\/158"}],"collection":[{"href":"http:\/\/www.hanses-architekten.de\/index.php?rest_route=\/wp\/v2\/pages"}],"about":[{"href":"http:\/\/www.hanses-architekten.de\/index.php?rest_route=\/wp\/v2\/types\/page"}],"author":[{"embeddable":true,"href":"http:\/\/www.hanses-architekten.de\/index.php?rest_route=\/wp\/v2\/users\/1"}],"replies":[{"embeddable":true,"href":"http:\/\/www.hanses-architekten.de\/index.php?rest_route=%2Fwp%2Fv2%2Fcomments&post=158"}],"version-history":[{"count":55,"href":"http:\/\/www.hanses-architekten.de\/index.php?rest_route=\/wp\/v2\/pages\/158\/revisions"}],"predecessor-version":[{"id":1103,"href":"http:\/\/www.hanses-architekten.de\/index.php?rest_route=\/wp\/v2\/pages\/158\/revisions\/1103"}],"wp:attachment":[{"href":"http:\/\/www.hanses-architekten.de\/index.php?rest_route=%2Fwp%2Fv2%2Fmedia&parent=158"}],"curies":[{"name":"wp","href":"https:\/\/api.w.org\/{rel}","templated":true}]}}