{"id":94,"date":"2013-06-30T21:57:05","date_gmt":"2013-06-30T19:57:05","guid":{"rendered":"http:\/\/www.test.hanses-architekten.de\/?page_id=94"},"modified":"2019-07-31T19:20:32","modified_gmt":"2019-07-31T17:20:32","slug":"about-2","status":"publish","type":"page","link":"http:\/\/www.hanses-architekten.de\/?page_id=94","title":{"rendered":"IMPRESSUM"},"content":{"rendered":"<div id=\"pl-94\"  class=\"panel-layout\" ><div id=\"pg-94-0\"  class=\"panel-grid panel-no-style\" ><div id=\"pgc-94-0-0\"  class=\"panel-grid-cell\" ><div id=\"panel-94-0-0-0\" class=\"so-panel widget widget_text panel-first-child panel-last-child\" data-index=\"0\" >\t\t\t<div class=\"textwidget\"><p>Verantwortlich f\u00fcr den Inhalt:<\/p>\n<p>Architekturb\u00fcro Hanses<\/p>\n<p><\/p>\n<p>Gerichtstrasse 18<\/p>\n<p>58540 Meinerzhagen<\/p>\n<p><\/p>\n<p>Immermannstra\u00dfe 7<\/p>\n<p>40210 D\u00fcsseldorf<\/p>\n<p><\/p>\n<p>Telefon: 02354 7776-0<\/p>\n<p>Fax: 02354 7776-28<\/p>\n<p>e-Mail: <a href=\"mailto:info@hanses-architekten.de\">info@hanses-architekten.de<\/a><\/p>\n<p><\/p>\n<p>Inhaber:<\/p>\n<p>K.Thomas Hanses Dipl.-Ing. Architekt<\/p>\n<p><\/p>\n<p>Berufsrechtliche Regelungen:<\/p>\n<p><a href=\"http:\/\/www.aknrw.de\" target=\"_blank\" rel=\"noopener\">Architektenkammer NRW<\/a><\/p>\n<p><\/p>\n<p>Web-Realisierung:<\/p>\n<p>Katrin Hanses - <a href=\"http:\/\/www.studio-h.de\" target=\"_blank\" rel=\"noopener\">studio h<\/a><\/p>\n<p><\/p>\n<p>Umsatzsteuer-ID-Nr.:<\/p>\n<p>DE 125 823 372<\/p>\n<p><\/p>\n<p>Haftungsausschlu\u00df:<\/p>\n<p>Die Inhalte dieser Seiten wurden mit gr\u00f6\u00dfter Sorgfalt<\/p>\n<p>erstellt. Dennoch kann f\u00fcr die Richtigkeit, <\/p>\n<p>Vollst\u00e4ndigkeit und Aktualit\u00e4t der Inhalte keine <\/p>\n<p>Gew\u00e4hr \u00fcbernommen werden.<\/p>\n<p>Ebenso \u00fcbernehmen wir keine Gew\u00e4hr f\u00fcr die <\/p>\n<p>Inhalte externer Webseiten, auf die mittels <\/p>\n<p>Hyperlink auf diesen Seiten verwiesen wird.<\/p>\n<p>Alle Inhalte dieser Seiten sind urheberrechtlich <\/p>\n<p>gesch\u00fctzt. Jegliche Nutzung der Inhalte bedarf  <\/p>\n<p>einer vorherigen Genehmigung des <\/p>\n<p>Architekturb\u00fcros Hanses.<\/p><\/div>\n\t\t<\/div><\/div><\/div><\/div>","protected":false},"excerpt":{"rendered":"","protected":false},"author":1,"featured_media":0,"parent":0,"menu_order":5,"comment_status":"closed","ping_status":"closed","template":"","meta":{"footnotes":""},"class_list":["post-94","page","type-page","status-publish","hentry"],"jetpack_sharing_enabled":true,"_links":{"self":[{"href":"http:\/\/www.hanses-architekten.de\/index.php?rest_route=\/wp\/v2\/pages\/94"}],"collection":[{"href":"http:\/\/www.hanses-architekten.de\/index.php?rest_route=\/wp\/v2\/pages"}],"about":[{"href":"http:\/\/www.hanses-architekten.de\/index.php?rest_route=\/wp\/v2\/types\/page"}],"author":[{"embeddable":true,"href":"http:\/\/www.hanses-architekten.de\/index.php?rest_route=\/wp\/v2\/users\/1"}],"replies":[{"embeddable":true,"href":"http:\/\/www.hanses-architekten.de\/index.php?rest_route=%2Fwp%2Fv2%2Fcomments&post=94"}],"version-history":[{"count":30,"href":"http:\/\/www.hanses-architekten.de\/index.php?rest_route=\/wp\/v2\/pages\/94\/revisions"}],"predecessor-version":[{"id":1137,"href":"http:\/\/www.hanses-architekten.de\/index.php?rest_route=\/wp\/v2\/pages\/94\/revisions\/1137"}],"wp:attachment":[{"href":"http:\/\/www.hanses-architekten.de\/index.php?rest_route=%2Fwp%2Fv2%2Fmedia&parent=94"}],"curies":[{"name":"wp","href":"https:\/\/api.w.org\/{rel}","templated":true}]}}